{"id":89,"date":"2026-02-23T23:13:23","date_gmt":"2026-02-23T23:13:23","guid":{"rendered":"https:\/\/bio-etre-energetique.fr\/?page_id=89"},"modified":"2026-02-24T19:12:56","modified_gmt":"2026-02-24T19:12:56","slug":"qui-suis-je","status":"publish","type":"page","link":"https:\/\/bio-etre-energetique.fr\/index.php\/qui-suis-je\/","title":{"rendered":"Qui suis-je ?"},"content":{"rendered":"\t\t<div data-elementor-type=\"wp-page\" data-elementor-id=\"89\" class=\"elementor elementor-89\">\n\t\t\t\t<div class=\"elementor-element elementor-element-12120f2 e-flex e-con-boxed e-con e-parent\" data-id=\"12120f2\" data-element_type=\"container\" data-e-type=\"container\">\n\t\t\t\t\t<div class=\"e-con-inner\">\n\t\t\t\t<div class=\"elementor-element elementor-element-5cb6cdc elementor-widget elementor-widget-heading\" data-id=\"5cb6cdc\" data-element_type=\"widget\" data-e-type=\"widget\" data-widget_type=\"heading.default\">\n\t\t\t\t\t<h2 class=\"elementor-heading-title elementor-size-default\">Qui suis-je ?<br><\/h2>\t\t\t\t<\/div>\n\t\t\t\t\t<\/div>\n\t\t\t\t<\/div>\n\t\t<div class=\"elementor-element elementor-element-23f0808 e-flex e-con-boxed e-con e-parent\" data-id=\"23f0808\" data-element_type=\"container\" data-e-type=\"container\">\n\t\t\t\t\t<div class=\"e-con-inner\">\n\t\t<div class=\"elementor-element elementor-element-e51e45e e-con-full e-flex e-con e-child\" data-id=\"e51e45e\" data-element_type=\"container\" data-e-type=\"container\">\n\t\t\t\t<div class=\"elementor-element elementor-element-a07af1e elementor-widget elementor-widget-image\" data-id=\"a07af1e\" data-element_type=\"widget\" data-e-type=\"widget\" data-widget_type=\"image.default\">\n\t\t\t\t\t\t\t\t\t\t\t\t\t\t\t<img fetchpriority=\"high\" decoding=\"async\" width=\"500\" height=\"500\" src=\"https:\/\/bio-etre-energetique.fr\/wp-content\/uploads\/2026\/02\/Geraldine_Soins_Energetiques_Quiberon.jpeg\" class=\"attachment-medium_large size-medium_large wp-image-148\" alt=\"G\u00e9raldine praticienne soins \u00e9nerg\u00e9tiques Saint-Pierre Quiberon\" srcset=\"https:\/\/bio-etre-energetique.fr\/wp-content\/uploads\/2026\/02\/Geraldine_Soins_Energetiques_Quiberon.jpeg 500w, https:\/\/bio-etre-energetique.fr\/wp-content\/uploads\/2026\/02\/Geraldine_Soins_Energetiques_Quiberon-300x300.jpeg 300w, https:\/\/bio-etre-energetique.fr\/wp-content\/uploads\/2026\/02\/Geraldine_Soins_Energetiques_Quiberon-150x150.jpeg 150w\" sizes=\"(max-width: 500px) 100vw, 500px\" \/>\t\t\t\t\t\t\t\t\t\t\t\t\t\t\t<\/div>\n\t\t\t\t<\/div>\n\t\t<div class=\"elementor-element elementor-element-7c312e0 e-con-full e-flex e-con e-child\" data-id=\"7c312e0\" data-element_type=\"container\" data-e-type=\"container\">\n\t\t\t\t<div class=\"elementor-element elementor-element-e2d8493 elementor-widget elementor-widget-text-editor\" data-id=\"e2d8493\" data-element_type=\"widget\" data-e-type=\"widget\" data-widget_type=\"text-editor.default\">\n\t\t\t\t\t\t\t\t\t<p style=\"color: #3b6484; font-family: 'Archivo Narrow', sans-serif; font-size: 16px;\">Je suis G\u00e9raldine, \u00e9nerg\u00e9ticienne et femme profond\u00e9ment passionn\u00e9e par la nature, les animaux, l&rsquo;humanit\u00e9 et toute sa complexit\u00e9. J&rsquo;ai toujours \u00e9t\u00e9 anim\u00e9e par une question fondamentale : comment aider les \u00eatres humains \u00e0 se lib\u00e9rer, \u00e0 s&rsquo;\u00e9panouir et \u00e0 devenir pleinement eux-m\u00eames ?<\/p><p style=\"color: #3b6484; font-family: 'Archivo Narrow', sans-serif; font-size: 16px;\">Cette qu\u00eate m&rsquo;a conduite vers un Master en PNL (Programmation Neuro-Linguistique &#8211; Li\u00e8ge &#8211; 2006), une approche puissante pour accompagner les personnes dans leurs transformations profondes, puis vers les th\u00e9rapies br\u00e8ves.<\/p><p style=\"color: #3b6484; font-family: 'Archivo Narrow', sans-serif; font-size: 16px;\">C&rsquo;est en explorant les th\u00e9rapies corporelles non verbales que j&rsquo;ai d\u00e9couvert, presque fortuitement, mes capacit\u00e9s de magn\u00e9tiseuse. Une r\u00e9v\u00e9lation qui a tout chang\u00e9. Je me suis alors form\u00e9e en EFT et Matrix Reimprinting (IFPEC &#8211; Marion Blique &#8211; Paris), Pr\u00e9natoth\u00e9rapie, Reiki Usui (niveau enseignante), Soins Energ\u00e9tiques (Luc Bodin), et Soins Ess\u00e9niens (Sylvie-Anne Paris &#8211; Saint-Pierre Quiberon) &#8211; autant d&rsquo;outils qui, r\u00e9unis, forment aujourd&rsquo;hui mon approche unique : le d\u00e9codage psycho-\u00e9nerg\u00e9tique.<\/p>\t\t\t\t\t\t\t\t<\/div>\n\t\t\t\t<\/div>\n\t\t\t\t\t<\/div>\n\t\t\t\t<\/div>\n\t\t\t\t<\/div>\n\t\t","protected":false},"excerpt":{"rendered":"<p>Qui suis-je ? Je suis G\u00e9raldine, \u00e9nerg\u00e9ticienne et femme profond\u00e9ment passionn\u00e9e par la nature, les animaux, l&rsquo;humanit\u00e9 et toute sa [&hellip;]<\/p>\n","protected":false},"author":1,"featured_media":0,"parent":0,"menu_order":0,"comment_status":"closed","ping_status":"closed","template":"","meta":{"site-sidebar-layout":"no-sidebar","site-content-layout":"","ast-site-content-layout":"full-width-container","site-content-style":"default","site-sidebar-style":"default","ast-global-header-display":"","ast-banner-title-visibility":"","ast-main-header-display":"","ast-hfb-above-header-display":"","ast-hfb-below-header-display":"","ast-hfb-mobile-header-display":"","site-post-title":"disabled","ast-breadcrumbs-content":"","ast-featured-img":"disabled","footer-sml-layout":"","ast-disable-related-posts":"","theme-transparent-header-meta":"","adv-header-id-meta":"","stick-header-meta":"","header-above-stick-meta":"","header-main-stick-meta":"","header-below-stick-meta":"","astra-migrate-meta-layouts":"default","ast-page-background-enabled":"default","ast-page-background-meta":{"desktop":{"background-color":"var(--ast-global-color-5)","background-image":"","background-repeat":"repeat","background-position":"center center","background-size":"auto","background-attachment":"scroll","background-type":"","background-media":"","overlay-type":"","overlay-color":"","overlay-opacity":"","overlay-gradient":""},"tablet":{"background-color":"","background-image":"","background-repeat":"repeat","background-position":"center center","background-size":"auto","background-attachment":"scroll","background-type":"","background-media":"","overlay-type":"","overlay-color":"","overlay-opacity":"","overlay-gradient":""},"mobile":{"background-color":"","background-image":"","background-repeat":"repeat","background-position":"center center","background-size":"auto","background-attachment":"scroll","background-type":"","background-media":"","overlay-type":"","overlay-color":"","overlay-opacity":"","overlay-gradient":""}},"ast-content-background-meta":{"desktop":{"background-color":"var(--ast-global-color-4)","background-image":"","background-repeat":"repeat","background-position":"center center","background-size":"auto","background-attachment":"scroll","background-type":"","background-media":"","overlay-type":"","overlay-color":"","overlay-opacity":"","overlay-gradient":""},"tablet":{"background-color":"var(--ast-global-color-4)","background-image":"","background-repeat":"repeat","background-position":"center center","background-size":"auto","background-attachment":"scroll","background-type":"","background-media":"","overlay-type":"","overlay-color":"","overlay-opacity":"","overlay-gradient":""},"mobile":{"background-color":"var(--ast-global-color-4)","background-image":"","background-repeat":"repeat","background-position":"center center","background-size":"auto","background-attachment":"scroll","background-type":"","background-media":"","overlay-type":"","overlay-color":"","overlay-opacity":"","overlay-gradient":""}},"footnotes":""},"class_list":["post-89","page","type-page","status-publish","hentry"],"_links":{"self":[{"href":"https:\/\/bio-etre-energetique.fr\/index.php\/wp-json\/wp\/v2\/pages\/89","targetHints":{"allow":["GET"]}}],"collection":[{"href":"https:\/\/bio-etre-energetique.fr\/index.php\/wp-json\/wp\/v2\/pages"}],"about":[{"href":"https:\/\/bio-etre-energetique.fr\/index.php\/wp-json\/wp\/v2\/types\/page"}],"author":[{"embeddable":true,"href":"https:\/\/bio-etre-energetique.fr\/index.php\/wp-json\/wp\/v2\/users\/1"}],"replies":[{"embeddable":true,"href":"https:\/\/bio-etre-energetique.fr\/index.php\/wp-json\/wp\/v2\/comments?post=89"}],"version-history":[{"count":31,"href":"https:\/\/bio-etre-energetique.fr\/index.php\/wp-json\/wp\/v2\/pages\/89\/revisions"}],"predecessor-version":[{"id":332,"href":"https:\/\/bio-etre-energetique.fr\/index.php\/wp-json\/wp\/v2\/pages\/89\/revisions\/332"}],"wp:attachment":[{"href":"https:\/\/bio-etre-energetique.fr\/index.php\/wp-json\/wp\/v2\/media?parent=89"}],"curies":[{"name":"wp","href":"https:\/\/api.w.org\/{rel}","templated":true}]}}