{"id":93,"date":"2026-02-23T23:15:30","date_gmt":"2026-02-23T23:15:30","guid":{"rendered":"https:\/\/bio-etre-energetique.fr\/?page_id=93"},"modified":"2026-02-24T19:13:59","modified_gmt":"2026-02-24T19:13:59","slug":"temoignages","status":"publish","type":"page","link":"https:\/\/bio-etre-energetique.fr\/index.php\/temoignages\/","title":{"rendered":"Temoignages"},"content":{"rendered":"\t\t<div data-elementor-type=\"wp-page\" data-elementor-id=\"93\" class=\"elementor elementor-93\">\n\t\t\t\t<div class=\"elementor-element elementor-element-fadeceb e-flex e-con-boxed e-con e-parent\" data-id=\"fadeceb\" data-element_type=\"container\" data-e-type=\"container\">\n\t\t\t\t\t<div class=\"e-con-inner\">\n\t\t\t\t<div class=\"elementor-element elementor-element-399e485 elementor-widget elementor-widget-heading\" data-id=\"399e485\" data-element_type=\"widget\" data-e-type=\"widget\" data-widget_type=\"heading.default\">\n\t\t\t\t\t<h2 class=\"elementor-heading-title elementor-size-default\">T\u00e9moignages<br><\/h2>\t\t\t\t<\/div>\n\t\t\t\t\t<\/div>\n\t\t\t\t<\/div>\n\t\t<div class=\"elementor-element elementor-element-da1322b e-flex e-con-boxed e-con e-parent\" data-id=\"da1322b\" data-element_type=\"container\" data-e-type=\"container\">\n\t\t\t\t\t<div class=\"e-con-inner\">\n\t\t\t\t<div class=\"elementor-element elementor-element-8fd55d5 elementor-widget elementor-widget-text-editor\" data-id=\"8fd55d5\" data-element_type=\"widget\" data-e-type=\"widget\" data-widget_type=\"text-editor.default\">\n\t\t\t\t\t\t\t\t\t<div style=\"background-color: #ffffff; border-radius: 8px; padding:20px 30px 15px 30px; margin-bottom: 30px;\">\n<p style=\"color: #3b6484; font-family: 'Archivo Narrow', sans-serif; font-size: 16px; margin-bottom: 10px;\">\u00ab\u00a0Ces soins \u00e9nerg\u00e9tiques sont parfaits pour repartir sur de bonnes bases, et nettoyer les diff\u00e9rents points du pass\u00e9&#8230; pour construire un nouvel avenir. Nous avons tous besoin de recharger nos batteries de temps en temps. G\u00e9raldine a su me faire un bon nettoyage de mes \u00e9nergies lourdes \u00e0 porter. Je vous recommande ces soins.\u00a0\u00bb<\/p>\n<p style=\"color: #3b6484; font-family: 'Archivo Narrow', sans-serif; font-size: 16px;\"><strong>William<\/strong><\/p>\n\n<\/div>\t\t\t\t\t\t\t\t<\/div>\n\t\t\t\t\t<\/div>\n\t\t\t\t<\/div>\n\t\t<div class=\"elementor-element elementor-element-50d9844 e-flex e-con-boxed e-con e-parent\" data-id=\"50d9844\" data-element_type=\"container\" data-e-type=\"container\">\n\t\t\t\t\t<div class=\"e-con-inner\">\n\t\t\t\t<div class=\"elementor-element elementor-element-7b962b5 elementor-widget elementor-widget-text-editor\" data-id=\"7b962b5\" data-element_type=\"widget\" data-e-type=\"widget\" data-widget_type=\"text-editor.default\">\n\t\t\t\t\t\t\t\t\t<div style=\"background-color: #ffffff; border-radius: 8px; padding:20px 30px 15px 30px; margin-bottom: 30px;\">\n<p style=\"color: #3b6484; font-family: 'Archivo Narrow', sans-serif; font-size: 16px; margin-bottom: 10px;\">\u00ab\u00a0Je vais consulter G\u00e9raldine chaque fois que j&rsquo;ai besoin d&rsquo;un nettoyage \u00e9nerg\u00e9tique et chaque fois que j&rsquo;ai besoin d&rsquo;un accompagnement sur des \u00e9motions particuli\u00e8res. Je la trouve tr\u00e8s accueillante et compl\u00e8tement \u00e0 l&rsquo;\u00e9coute. Je recommande toujours ses soins \u00e0 mes proches et amis. J&rsquo;ai toute confiance dans le choix des possibles qu&rsquo;elle me propose.\u00a0\u00bb<\/p>\n<p style=\"color: #3b6484; font-family: 'Archivo Narrow', sans-serif; font-size: 16px;\"><strong>Odile<\/strong><\/p>\n\n<\/div>\t\t\t\t\t\t\t\t<\/div>\n\t\t\t\t\t<\/div>\n\t\t\t\t<\/div>\n\t\t<div class=\"elementor-element elementor-element-0bbb9b4 e-flex e-con-boxed e-con e-parent\" data-id=\"0bbb9b4\" data-element_type=\"container\" data-e-type=\"container\">\n\t\t\t\t\t<div class=\"e-con-inner\">\n\t\t\t\t<div class=\"elementor-element elementor-element-8ba0558 elementor-widget elementor-widget-text-editor\" data-id=\"8ba0558\" data-element_type=\"widget\" data-e-type=\"widget\" data-widget_type=\"text-editor.default\">\n\t\t\t\t\t\t\t\t\t<div style=\"background-color: #ffffff; border-radius: 8px; padding:20px 30px 15px 30px; margin-bottom: 30px;\">\n<p style=\"color: #3b6484; font-family: 'Archivo Narrow', sans-serif; font-size: 16px; margin-bottom: 10px;\">\u00ab\u00a0Un grand merci \u00e0 G\u00e9raldine qui s&rsquo;occupe de mon gar\u00e7on de 12 ans. Des r\u00e9sultats d\u00e8s la premi\u00e8re s\u00e9ance. Mon fils retrouve le sourire \u00e0 chaque s\u00e9ance et a h\u00e2te de la revoir. Une personne sensible et tr\u00e8s douce. Je la recommande.\u00a0\u00bb<\/p>\n<p style=\"color: #3b6484; font-family: 'Archivo Narrow', sans-serif; font-size: 16px;\"><strong>Laetitia<\/strong><\/p>\n\n<\/div>\t\t\t\t\t\t\t\t<\/div>\n\t\t\t\t\t<\/div>\n\t\t\t\t<\/div>\n\t\t\t\t<\/div>\n\t\t","protected":false},"excerpt":{"rendered":"<p>T\u00e9moignages \u00ab\u00a0Ces soins \u00e9nerg\u00e9tiques sont parfaits pour repartir sur de bonnes bases, et nettoyer les diff\u00e9rents points du pass\u00e9&#8230; pour [&hellip;]<\/p>\n","protected":false},"author":1,"featured_media":0,"parent":0,"menu_order":0,"comment_status":"closed","ping_status":"closed","template":"","meta":{"site-sidebar-layout":"no-sidebar","site-content-layout":"","ast-site-content-layout":"full-width-container","site-content-style":"default","site-sidebar-style":"default","ast-global-header-display":"","ast-banner-title-visibility":"","ast-main-header-display":"","ast-hfb-above-header-display":"","ast-hfb-below-header-display":"","ast-hfb-mobile-header-display":"","site-post-title":"disabled","ast-breadcrumbs-content":"","ast-featured-img":"disabled","footer-sml-layout":"","ast-disable-related-posts":"","theme-transparent-header-meta":"","adv-header-id-meta":"","stick-header-meta":"","header-above-stick-meta":"","header-main-stick-meta":"","header-below-stick-meta":"","astra-migrate-meta-layouts":"default","ast-page-background-enabled":"default","ast-page-background-meta":{"desktop":{"background-color":"var(--ast-global-color-5)","background-image":"","background-repeat":"repeat","background-position":"center center","background-size":"auto","background-attachment":"scroll","background-type":"","background-media":"","overlay-type":"","overlay-color":"","overlay-opacity":"","overlay-gradient":""},"tablet":{"background-color":"","background-image":"","background-repeat":"repeat","background-position":"center center","background-size":"auto","background-attachment":"scroll","background-type":"","background-media":"","overlay-type":"","overlay-color":"","overlay-opacity":"","overlay-gradient":""},"mobile":{"background-color":"","background-image":"","background-repeat":"repeat","background-position":"center center","background-size":"auto","background-attachment":"scroll","background-type":"","background-media":"","overlay-type":"","overlay-color":"","overlay-opacity":"","overlay-gradient":""}},"ast-content-background-meta":{"desktop":{"background-color":"var(--ast-global-color-4)","background-image":"","background-repeat":"repeat","background-position":"center center","background-size":"auto","background-attachment":"scroll","background-type":"","background-media":"","overlay-type":"","overlay-color":"","overlay-opacity":"","overlay-gradient":""},"tablet":{"background-color":"var(--ast-global-color-4)","background-image":"","background-repeat":"repeat","background-position":"center center","background-size":"auto","background-attachment":"scroll","background-type":"","background-media":"","overlay-type":"","overlay-color":"","overlay-opacity":"","overlay-gradient":""},"mobile":{"background-color":"var(--ast-global-color-4)","background-image":"","background-repeat":"repeat","background-position":"center center","background-size":"auto","background-attachment":"scroll","background-type":"","background-media":"","overlay-type":"","overlay-color":"","overlay-opacity":"","overlay-gradient":""}},"footnotes":""},"class_list":["post-93","page","type-page","status-publish","hentry"],"_links":{"self":[{"href":"https:\/\/bio-etre-energetique.fr\/index.php\/wp-json\/wp\/v2\/pages\/93","targetHints":{"allow":["GET"]}}],"collection":[{"href":"https:\/\/bio-etre-energetique.fr\/index.php\/wp-json\/wp\/v2\/pages"}],"about":[{"href":"https:\/\/bio-etre-energetique.fr\/index.php\/wp-json\/wp\/v2\/types\/page"}],"author":[{"embeddable":true,"href":"https:\/\/bio-etre-energetique.fr\/index.php\/wp-json\/wp\/v2\/users\/1"}],"replies":[{"embeddable":true,"href":"https:\/\/bio-etre-energetique.fr\/index.php\/wp-json\/wp\/v2\/comments?post=93"}],"version-history":[{"count":13,"href":"https:\/\/bio-etre-energetique.fr\/index.php\/wp-json\/wp\/v2\/pages\/93\/revisions"}],"predecessor-version":[{"id":338,"href":"https:\/\/bio-etre-energetique.fr\/index.php\/wp-json\/wp\/v2\/pages\/93\/revisions\/338"}],"wp:attachment":[{"href":"https:\/\/bio-etre-energetique.fr\/index.php\/wp-json\/wp\/v2\/media?parent=93"}],"curies":[{"name":"wp","href":"https:\/\/api.w.org\/{rel}","templated":true}]}}