{"id":97,"date":"2026-02-23T23:20:32","date_gmt":"2026-02-23T23:20:32","guid":{"rendered":"https:\/\/bio-etre-energetique.fr\/?page_id=97"},"modified":"2026-02-24T22:31:21","modified_gmt":"2026-02-24T22:31:21","slug":"pourquoi","status":"publish","type":"page","link":"https:\/\/bio-etre-energetique.fr\/index.php\/pourquoi\/","title":{"rendered":"Pourquoi ?"},"content":{"rendered":"\t\t<div data-elementor-type=\"wp-page\" data-elementor-id=\"97\" class=\"elementor elementor-97\">\n\t\t\t\t<div class=\"elementor-element elementor-element-39f96d2 e-flex e-con-boxed e-con e-parent\" data-id=\"39f96d2\" data-element_type=\"container\" data-e-type=\"container\">\n\t\t\t\t\t<div class=\"e-con-inner\">\n\t\t\t\t<div class=\"elementor-element elementor-element-97f875e elementor-widget elementor-widget-heading\" data-id=\"97f875e\" data-element_type=\"widget\" data-e-type=\"widget\" data-widget_type=\"heading.default\">\n\t\t\t\t\t<h2 class=\"elementor-heading-title elementor-size-default\">Pourquoi venir faire un soin \u00e9nerg\u00e9tique ?<\/h2>\t\t\t\t<\/div>\n\t\t\t\t\t<\/div>\n\t\t\t\t<\/div>\n\t\t<div class=\"elementor-element elementor-element-5a37de9 e-flex e-con-boxed e-con e-parent\" data-id=\"5a37de9\" data-element_type=\"container\" data-e-type=\"container\">\n\t\t\t\t\t<div class=\"e-con-inner\">\n\t\t\t\t<div class=\"elementor-element elementor-element-2b725ce elementor-widget elementor-widget-text-editor\" data-id=\"2b725ce\" data-element_type=\"widget\" data-e-type=\"widget\" data-widget_type=\"text-editor.default\">\n\t\t\t\t\t\t\t\t\t<p style=\"color: #3b6484; font-family: 'Archivo Narrow', sans-serif; font-size: 16px; margin-top: 5px;\">Vous vous sentez \u00e9puis\u00e9, bloqu\u00e9, ou d\u00e9connect\u00e9 de vous-m\u00eame ? Vous portez un poids que vous n&rsquo;arrivez pas \u00e0 identifier ? Les soins \u00e9nerg\u00e9tiques peuvent vous aider \u00e0 retrouver votre \u00e9quilibre naturel, profond et durable.<\/p>\n<h4 style=\"color: #3b6484; font-family: 'Archivo Narrow', sans-serif; font-size: 20px; margin-bottom: 0;\">Comment fonctionnent les soins \u00e9nerg\u00e9tiques ?<\/h4>\n<p style=\"color: #3b6484; font-family: 'Archivo Narrow', sans-serif; font-size: 16px; margin-top: 5px;\">Notre corps est travers\u00e9 en permanence par des flux d&rsquo;\u00e9nergie vitale. Lorsque cette circulation est fluide et libre, nous nous sentons bien \u2014 physiquement, \u00e9motionnellement et mentalement.<br>Mais les chocs de la vie \u2014 \u00e9motions non exprim\u00e9es, traumatismes, maladies, pens\u00e9es n\u00e9gatives \u2014 cr\u00e9ent des blocages qui perturbent cet \u00e9quilibre. Ces blocages se manifestent dans le corps et l&rsquo;esprit : fatigue chronique, douleurs inexpliqu\u00e9es, anxi\u00e9t\u00e9, sentiment d&rsquo;\u00eatre \u00ab\u00a0coinc\u00e9\u00a0\u00bb&#8230;<br>Les soins \u00e9nerg\u00e9tiques agissent directement sur ces blocages pour les lib\u00e9rer, permettant au corps de retrouver son harmonie naturelle, de se recentrer et de se r\u00e9g\u00e9n\u00e9rer en profondeur.<\/p>\n<h4 style=\"color: #3b6484; font-family: 'Archivo Narrow', sans-serif; font-size: 20px; margin-bottom: 0;\">Comment se d\u00e9roule une s\u00e9ance ?<\/h4>\n<p style=\"color: #3b6484; font-family: 'Archivo Narrow', sans-serif; font-size: 16px; margin-top: 5px;\">Chaque s\u00e9ance dure entre 1h et 1h30, selon le soin et vos besoins. Elle commence toujours par un temps d&rsquo;\u00e9change, assis, pour comprendre ce que vous traversez et d\u00e9finir ensemble les besoins de la s\u00e9ance.<br>Selon le soin, vous resterez assis ou vous vous allongerez, habill\u00e9, dans un espace chaleureux et s\u00e9curisant. Je proc\u00e8de alors \u00e0 une \u00e9coute fine de votre corps, \u00e0 travers diff\u00e9rents mouvements doux, avec ou sans contact physique selon la phase du soin.<\/p>\n<h4 style=\"color: #3b6484; font-family: 'Archivo Narrow', sans-serif; font-size: 20px; margin-bottom: 0;\">\u00c0 qui s&rsquo;adressent les soins \u00e9nerg\u00e9tiques ?<\/h4>\n<p style=\"color: #3b6484; font-family: 'Archivo Narrow', sans-serif; font-size: 16px; margin-top: 5px;\">\u00c0 toute personne ressentant un mal-\u00eatre, qu&rsquo;il soit physique, \u00e9motionnel ou psychique. Aux personnes traversant une p\u00e9riode difficile ou une transition de vie. Aux personnes souhaitant prendre soin d&rsquo;elles de mani\u00e8re pr\u00e9ventive \u2014 une \u00e0 deux s\u00e9ances par an, \u00e0 chaque changement de saison, suffisent pour un simple nettoyage \u00e9nerg\u00e9tique.<br>Il n&rsquo;y a pas de pr\u00e9requis, pas de croyance n\u00e9cessaire. Juste l&rsquo;envie d&rsquo;aller mieux.<\/p>\t\t\t\t\t\t\t\t<\/div>\n\t\t\t\t\t<\/div>\n\t\t\t\t<\/div>\n\t\t\t\t<\/div>\n\t\t","protected":false},"excerpt":{"rendered":"<p>Pourquoi venir faire un soin \u00e9nerg\u00e9tique ? Vous vous sentez \u00e9puis\u00e9, bloqu\u00e9, ou d\u00e9connect\u00e9 de vous-m\u00eame ? Vous portez un [&hellip;]<\/p>\n","protected":false},"author":1,"featured_media":0,"parent":0,"menu_order":0,"comment_status":"closed","ping_status":"closed","template":"","meta":{"site-sidebar-layout":"no-sidebar","site-content-layout":"","ast-site-content-layout":"full-width-container","site-content-style":"default","site-sidebar-style":"default","ast-global-header-display":"","ast-banner-title-visibility":"","ast-main-header-display":"","ast-hfb-above-header-display":"","ast-hfb-below-header-display":"","ast-hfb-mobile-header-display":"","site-post-title":"disabled","ast-breadcrumbs-content":"","ast-featured-img":"disabled","footer-sml-layout":"","ast-disable-related-posts":"","theme-transparent-header-meta":"","adv-header-id-meta":"","stick-header-meta":"","header-above-stick-meta":"","header-main-stick-meta":"","header-below-stick-meta":"","astra-migrate-meta-layouts":"default","ast-page-background-enabled":"default","ast-page-background-meta":{"desktop":{"background-color":"var(--ast-global-color-5)","background-image":"","background-repeat":"repeat","background-position":"center center","background-size":"auto","background-attachment":"scroll","background-type":"","background-media":"","overlay-type":"","overlay-color":"","overlay-opacity":"","overlay-gradient":""},"tablet":{"background-color":"","background-image":"","background-repeat":"repeat","background-position":"center center","background-size":"auto","background-attachment":"scroll","background-type":"","background-media":"","overlay-type":"","overlay-color":"","overlay-opacity":"","overlay-gradient":""},"mobile":{"background-color":"","background-image":"","background-repeat":"repeat","background-position":"center center","background-size":"auto","background-attachment":"scroll","background-type":"","background-media":"","overlay-type":"","overlay-color":"","overlay-opacity":"","overlay-gradient":""}},"ast-content-background-meta":{"desktop":{"background-color":"var(--ast-global-color-4)","background-image":"","background-repeat":"repeat","background-position":"center center","background-size":"auto","background-attachment":"scroll","background-type":"","background-media":"","overlay-type":"","overlay-color":"","overlay-opacity":"","overlay-gradient":""},"tablet":{"background-color":"var(--ast-global-color-4)","background-image":"","background-repeat":"repeat","background-position":"center center","background-size":"auto","background-attachment":"scroll","background-type":"","background-media":"","overlay-type":"","overlay-color":"","overlay-opacity":"","overlay-gradient":""},"mobile":{"background-color":"var(--ast-global-color-4)","background-image":"","background-repeat":"repeat","background-position":"center center","background-size":"auto","background-attachment":"scroll","background-type":"","background-media":"","overlay-type":"","overlay-color":"","overlay-opacity":"","overlay-gradient":""}},"footnotes":""},"class_list":["post-97","page","type-page","status-publish","hentry"],"_links":{"self":[{"href":"https:\/\/bio-etre-energetique.fr\/index.php\/wp-json\/wp\/v2\/pages\/97","targetHints":{"allow":["GET"]}}],"collection":[{"href":"https:\/\/bio-etre-energetique.fr\/index.php\/wp-json\/wp\/v2\/pages"}],"about":[{"href":"https:\/\/bio-etre-energetique.fr\/index.php\/wp-json\/wp\/v2\/types\/page"}],"author":[{"embeddable":true,"href":"https:\/\/bio-etre-energetique.fr\/index.php\/wp-json\/wp\/v2\/users\/1"}],"replies":[{"embeddable":true,"href":"https:\/\/bio-etre-energetique.fr\/index.php\/wp-json\/wp\/v2\/comments?post=97"}],"version-history":[{"count":43,"href":"https:\/\/bio-etre-energetique.fr\/index.php\/wp-json\/wp\/v2\/pages\/97\/revisions"}],"predecessor-version":[{"id":362,"href":"https:\/\/bio-etre-energetique.fr\/index.php\/wp-json\/wp\/v2\/pages\/97\/revisions\/362"}],"wp:attachment":[{"href":"https:\/\/bio-etre-energetique.fr\/index.php\/wp-json\/wp\/v2\/media?parent=97"}],"curies":[{"name":"wp","href":"https:\/\/api.w.org\/{rel}","templated":true}]}}